{"id":3,"date":"2023-03-13T14:37:47","date_gmt":"2023-03-13T13:37:47","guid":{"rendered":"http:\/\/www.riadsybil.com\/?page_id=3"},"modified":"2024-01-06T12:35:21","modified_gmt":"2024-01-06T11:35:21","slug":"politique-de-confidentialite","status":"publish","type":"page","link":"https:\/\/www.riadsybil.com\/en\/politique-de-confidentialite\/","title":{"rendered":"Privacy Policy"},"content":{"rendered":"<p>[et_pb_section fb_built=\u00a0\u00bb1&Prime; admin_label=\u00a0\u00bbsection\u00a0\u00bb _builder_version=\u00a0\u00bb4.16&Prime; global_colors_info=\u00a0\u00bb{}\u00a0\u00bb theme_builder_area=\u00a0\u00bbpost_content\u00a0\u00bb][et_pb_row admin_label=\u00a0\u00bbrow\u00a0\u00bb _builder_version=\u00a0\u00bb4.16&Prime; background_size=\u00a0\u00bbinitial\u00a0\u00bb background_position=\u00a0\u00bbtop_left\u00a0\u00bb background_repeat=\u00a0\u00bbrepeat\u00a0\u00bb global_colors_info=\u00a0\u00bb{}\u00a0\u00bb theme_builder_area=\u00a0\u00bbpost_content\u00a0\u00bb][et_pb_column type=\u00a0\u00bb4_4&Prime; _builder_version=\u00a0\u00bb4.16&Prime; custom_padding=\u00a0\u00bb|||\u00a0\u00bb global_colors_info=\u00a0\u00bb{}\u00a0\u00bb custom_padding__hover=\u00a0\u00bb|||\u00a0\u00bb theme_builder_area=\u00a0\u00bbpost_content\u00a0\u00bb][et_pb_text _builder_version=\u00a0\u00bb4.16&Prime; _module_preset=\u00a0\u00bbdefault\u00a0\u00bb text_font=\u00a0\u00bbPoppins|700|||||||\u00a0\u00bb text_text_color=\u00a0\u00bb#333333&Prime; text_font_size=\u00a0\u00bb70px\u00a0\u00bb text_orientation=\u00a0\u00bbcenter\u00a0\u00bb text_line_height_tablet=\u00a0\u00bb1.1em\u00a0\u00bb text_line_height_phone=\u00a0\u00bb1em\u00a0\u00bb text_line_height_last_edited=\u00a0\u00bbon|desktop\u00a0\u00bb global_colors_info=\u00a0\u00bb{}\u00a0\u00bb theme_builder_area=\u00a0\u00bbpost_content\u00a0\u00bb]Politique de confidentialit\u00e9[\/et_pb_text][et_pb_text admin_label=\u00a0\u00bbText\u00a0\u00bb _builder_version=\u00a0\u00bb4.23.4&Prime; text_font=\u00a0\u00bbPoppins||||||||\u00a0\u00bb text_font_size=\u00a0\u00bb12px\u00a0\u00bb background_size=\u00a0\u00bbinitial\u00a0\u00bb background_position=\u00a0\u00bbtop_left\u00a0\u00bb background_repeat=\u00a0\u00bbrepeat\u00a0\u00bb text_orientation=\u00a0\u00bbcenter\u00a0\u00bb custom_margin=\u00a0\u00bb60px||||false|false\u00a0\u00bb hover_enabled=\u00a0\u00bb0&Prime; global_colors_info=\u00a0\u00bb{}\u00a0\u00bb theme_builder_area=\u00a0\u00bbpost_content\u00a0\u00bb sticky_enabled=\u00a0\u00bb0&Prime;]<\/p>\n<p>Vous \u00eates actuellement sur le site www.riadsybil.com<\/p>\n<p><b>RIAD SYBIL<\/b><br \/>42 Derb Zamrane &#8211; Berrima Marrakech<\/p>\n<p>T\u00e9l : +212 (0)8 08 58 45 89<br \/>E-mail : riadsybil@gmail.com<\/p>\n<p>Siret : <span>xxxxxxxxx<\/span><\/p>\n<p>&nbsp;<\/p>\n<p><span style=\"font-size: x-large;\"><strong>Propri\u00e9t\u00e9 Intellectuelle et Industrielle<\/strong><\/span><\/p>\n<p>La structure g\u00e9n\u00e9rale ainsi que le contenu du site, notamment les textes, photographies, images et sons, sont la propri\u00e9t\u00e9 exclusive de RIAD SYBIL et ce dans le monde entier. Toute reproduction, totale ou partielle, de ce site ou de son contenu, par quelque proc\u00e9d\u00e9 que ce soit, sans autorisation expresse de RIAD SYBIL est interdite.<\/p>\n<p>Les informations, pictogrammes, photographies, images, textes, s\u00e9quences vid\u00e9o, anim\u00e9es, sonores ou non, et autres documents accessibles sur le site sont objets de droits de propri\u00e9t\u00e9 industrielle et\/ou intellectuelle et sont selon les cas, propri\u00e9t\u00e9 de RIAD SYBIL ou de tiers ayant autoris\u00e9 limitativement RIAD SYBIL \u00e0 les utiliser. A ce titre, toute reproduction, repr\u00e9sentation, adaptation, traduction et\/ou transformation, partielle ou int\u00e9grale, ou transfert sur un autre site sont interdits. La copie \u00e0 usage priv\u00e9 de ces diff\u00e9rents objets de droits est autoris\u00e9e. Leur reproduction partielle ou int\u00e9grale, sans l\u2019accord pr\u00e9alable et \u00e9crit de RIAD SYBIL, est strictement interdite.<\/p>\n<p>Ce site respecte le droit d\u2019auteur. Tous les droits des auteurs des \u0153uvres prot\u00e9g\u00e9es reproduites et communiqu\u00e9es sur ce site, sont r\u00e9serv\u00e9s. Sauf sans autorisation pr\u00e9alable et \u00e9crite, toute utilisation des \u0153uvres autres que la reproduction et la consultation individuelles et priv\u00e9es sont interdites.<\/p>\n<p>Le site www.riadsybil.com contient des liens vers d\u2019autres sites, et RIAD SYBIL ne saurait \u00eatre tenu responsable du contenu des dits sites.<\/p>\n<p>Le contenu du site est la propri\u00e9t\u00e9 de RIAD SYBIL et il est strictement interdit de le reproduire, copier, publier ou afficher sans l\u2019accord pr\u00e9alable du vendeur. Il est \u00e9galement interdit de cr\u00e9er un lien vers le site \u00e0 des fins diffamatoires, frauduleuses ou nuisibles.<\/p>\n<p>La violation de toutes ces dispositions imp\u00e9ratives soumet le contrevenant, et toutes personnes responsables, aux peines p\u00e9nales et civiles pr\u00e9vues par la loi.<\/p>\n<p>&nbsp;<\/p>\n<p><span style=\"font-size: x-large;\"><strong>Protection des donn\u00e9es personnelles<\/strong><\/span><br \/>Le site web collecte des donn\u00e9es \u00e0 caract\u00e8re personnel relatives \u00e0 ses utilisateurs dans les cadres d\u00e9crits ci-dessous. Les donn\u00e9es collect\u00e9es sont uniquement celles fournies par l\u2019utilisateur lui-m\u00eame lorsqu\u2019il utilise ces services, except\u00e9 l\u2019adresse IP qui est enregistr\u00e9e en plus lors d\u2019un commentaire \u00e0 un article du blog.<\/p>\n<p>Le formulaire de contact. Ces donn\u00e9es ne sont pas conserv\u00e9es dans une base de donn\u00e9es et ne servent que dans le cadre d\u2019un \u00e9change de courriels. Si le contact aboutit \u00e0 une collaboration avec RIAD SYBIL, ces donn\u00e9es sont conserv\u00e9es \u00e0 des fins de gestion de client\u00e8le.<br \/>Le formulaire de commentaire des articles du blog. Ces donn\u00e9es sont conserv\u00e9es dans une base de donn\u00e9es jusqu\u2019\u00e0 ce que l\u2019utilisateur demande la suppression du commentaire qu\u2019il a post\u00e9 sur ce site.<br \/>Les cookies (voir point suivant).<br \/>Conform\u00e9ment \u00e0 la loi fran\u00e7aise relative \u00e0 la protection de la vie priv\u00e9e \u00e0 l\u2019\u00e9gard des traitements de donn\u00e9es \u00e0 caract\u00e8re personnel et, \u00e0 partir du 25 mai 2018, au R\u00e8glement Europ\u00e9en 2016\/679 du Parlement Europ\u00e9en et du Conseil du 27 avril 2016 relatif \u00e0 la protection des personnes physiques \u00e0 l\u2019\u00e9gard du traitement des donn\u00e9es \u00e0 caract\u00e8re personnel et \u00e0 la libre circulation de ces donn\u00e9es, et abrogeant la Directive 95\/46\/CE (R\u00e8glement G\u00e9n\u00e9ral sur la Protection des Donn\u00e9es), les utilisateurs dont les donn\u00e9es ont \u00e9t\u00e9 collect\u00e9es disposent du droit de consulter ces donn\u00e9es, de demander leur correction ou, si n\u00e9cessaire, leur suppression. Les utilisateurs peuvent \u00e9galement s\u2019opposer au traitement des donn\u00e9es les concernant. Ces droits peuvent \u00eatre exerc\u00e9s en adressant une demande \u00e9crite par e-mail \u00e0 l\u2019adresse slstudio84@gmail.com ou par la poste \u00e0 l\u2019adresse Lucas Marchand, 74 avenue Rodolphe D&rsquo;Aymard, R\u00e9s Lou Mistrau, Bat B, 84100 Orange.<\/p>\n<p>Les plaintes en cas de violation des r\u00e8gles fran\u00e7aises applicables en mati\u00e8re de protection des donn\u00e9es \u00e0 caract\u00e8re personnel sur ce site web peuvent \u00eatre adress\u00e9es \u00e0 la Commission Nationale de l\u2019Informatique et des Libert\u00e9s \u2013 CNIL, sur leur site : https:\/\/www.cnil.fr\/.<\/p>\n<p>Les donn\u00e9es personnelles des clients ne sont pas transmises et ne seront pas utilis\u00e9es \u00e0 des fins commerciales. Elles permettront bonne ex\u00e9cution de la mission demand\u00e9e.<\/p>\n<p>&nbsp;<\/p>\n<p><span style=\"font-size: x-large;\"><strong>Les cookies<\/strong><\/span><br \/>Un \u00ab cookie \u00bb est un petit fichier enregistr\u00e9 sur le disque dur de votre ordinateur lors de la visite d\u2019un site ou de la consultation d\u2019une publicit\u00e9. Ces cookies sont utilis\u00e9s afin d\u2019am\u00e9liorer votre exp\u00e9rience utilisateur en vous proposant des services ou des offres correspondant \u00e0 vos centres d\u2019int\u00e9r\u00eat. Vous pouvez \u00e0 tout moment refuser leur utilisation en configurant votre navigateur Internet.<\/p>\n<p>La nature et l\u2019objectif des cookies utilis\u00e9s par le site web sont d\u00e9taill\u00e9s ci-dessous. Certains cookies sont n\u00e9cessaires pour certaines fonctions techniques du site web et ne seront enregistr\u00e9s que pour une p\u00e9riode limit\u00e9e.<\/p>\n<p>Les types de cookies utilis\u00e9s<br \/>La mesure d\u2019audience<br \/>Les outils de mesures d\u2019audience sont d\u00e9ploy\u00e9s afin d\u2019obtenir des informations sur la navigation des visiteurs. Leur objectif est de permettre l\u2019analyse des comportements de navigation sur le site \u00e0 des fins d\u2019optimisation.<br \/>Les boutons sociaux<br \/>Notre site peut contenir des applications informatiques \u00e9manant de tiers. Ce peut \u00eatre notamment le cas avec des boutons\/liens avec des r\u00e9seaux sociaux (c\u2019est notamment le cas des boutons \u00ab Partager \u00bb, \u00ab J\u2019aime \u00bb, issus de r\u00e9seaux sociaux tels que Facebook, Twitter\u2026). Nous vous invitons d\u00e8s lors \u00e0 consulter leur politique de gestion de cookies et notamment de protection de la vie priv\u00e9e.<br \/>La publicit\u00e9<br \/>Il s\u2019agit des cookies utilis\u00e9s sur notre site ou en dehors de notre site pour vous pr\u00e9senter des publicit\u00e9s ou vous adresser des informations adapt\u00e9es \u00e0 vos centres d\u2019int\u00e9r\u00eat. Les cookies publicitaires sont notamment utilis\u00e9s pour limiter le nombre de fois o\u00f9 vous voyez une publicit\u00e9 et nous aident \u00e0 mesurer l\u2019efficacit\u00e9 d\u2019une campagne publicitaire.<\/p>\n<p>&nbsp;<\/p>\n<p><span style=\"font-size: x-large;\"><strong><\/strong><\/span><\/p>\n<p><span style=\"font-size: x-large;\"><strong><\/strong><\/span><\/p>\n<p><span style=\"font-size: x-large;\"><strong>La gestion des cookies<\/strong><\/span><br \/>Pour accepter ou refuser l\u2019installation de cookies, vous devez param\u00e9trer votre navigateur Internet. La configuration de chaque navigateur \u00e9tant diff\u00e9rente, elle est d\u00e9crite dans le menu d\u2019aide de votre navigateur, qui vous permettra de savoir de quelle mani\u00e8re modifier vos souhaits en mati\u00e8re de cookies.<\/p>\n<p>Vous pouvez les d\u00e9sactiver de la fa\u00e7on suivante :<\/p>\n<p>Internet Explorer<br \/>Choisissez le menu \u00ab Outils \u00bb, puis \u00ab Options Internet \u00bb<br \/>Cliquez sur l\u2019onglet \u00ab Confidentialit\u00e9 \u00bb<br \/>S\u00e9lectionnez le niveau souhait\u00e9 \u00e0 l\u2019aide du curseur<br \/>Mozilla Firefox<br \/>Choisissez le menu \u00ab Outils \u00bb puis \u00ab Options \u00bb<br \/>Cliquez sur l\u2019onglet \u00ab Vie priv\u00e9e \u00bb<br \/>Dans la liste d\u00e9roulante \u00ab R\u00e8gles de conservation \u00bb s\u00e9lectionnez le niveau souhait\u00e9<br \/>Google Chrome<br \/>Entrez l\u2019adresse chrome:\/\/settings\/ dans la barre d\u2019adresse du navigateur<br \/>Cliquez sur \u00ab param\u00e8tres avanc\u00e9s \u00bb puis \u00ab param\u00e8tres de contenu \u00bb puis \u00ab cookies \u00bb<br \/>Configurez votre navigateur comme vous le souhaitez<br \/>Safari<br \/>Cliquez dans le menu \u00ab Safari \u00bb<br \/>Cliquez sur \u00ab Pr\u00e9f\u00e9rences \u00bb<br \/>Dans l\u2019onglet \u00ab S\u00e9curit\u00e9 \u00bb s\u00e9lectionnez le niveau souhait\u00e9<span style=\"font-size: 12px;\">\u00a0<\/span><\/p>\n<p><span style=\"font-size: 12px;\">\u00a0<\/span><\/p>\n<p><span style=\"font-size: x-large;\"><strong><\/strong><\/span><\/p>\n<p><span style=\"font-size: x-large;\"><strong>R\u00e9alisation du site<\/strong><\/span><br \/>Le site internet RIAD SYBIL a \u00e9t\u00e9 r\u00e9alis\u00e9 par <a href=\"https:\/\/slstudio84.com\/\" target=\"_blank\" rel=\"noopener noreferrer\">SLStudio<\/a> et h\u00e9berg\u00e9 par OVH.<\/p>\n<p>[\/et_pb_text][\/et_pb_column][\/et_pb_row][\/et_pb_section]<\/p>","protected":false},"excerpt":{"rendered":"<p>Politique de confidentialit\u00e9Vous \u00eates actuellement sur le site www.riadsybil.com RIAD SYBIL42 Derb Zamrane &#8211; Berrima Marrakech T\u00e9l : +212 (0)8 08 58 45 89E-mail : riadsybil@gmail.com Siret : xxxxxxxxx &nbsp; Propri\u00e9t\u00e9 Intellectuelle et Industrielle La structure g\u00e9n\u00e9rale ainsi que le contenu du site, notamment les textes, photographies, images et sons, sont la propri\u00e9t\u00e9 exclusive de [&hellip;]<\/p>","protected":false},"author":1,"featured_media":0,"parent":0,"menu_order":0,"comment_status":"closed","ping_status":"open","template":"","meta":{"_et_pb_use_builder":"on","_et_pb_old_content":"<!-- wp:heading --><h2>Qui sommes-nous\u00a0?<\/h2><!-- \/wp:heading --><!-- wp:paragraph --><p><strong class=\"privacy-policy-tutorial\">Texte sugg\u00e9r\u00e9\u00a0: <\/strong>L\u2019adresse de notre site est\u00a0: http:\/\/www.riadsybil.com.<\/p><!-- \/wp:paragraph --><!-- wp:heading --><h2>Commentaires<\/h2><!-- \/wp:heading --><!-- wp:paragraph --><p><strong class=\"privacy-policy-tutorial\">Texte sugg\u00e9r\u00e9\u00a0: <\/strong>Quand vous laissez un commentaire sur notre site, les donn\u00e9es inscrites dans le formulaire de commentaire, ainsi que votre adresse IP et l\u2019agent utilisateur de votre navigateur sont collect\u00e9s pour nous aider \u00e0 la d\u00e9tection des commentaires ind\u00e9sirables.<\/p><!-- \/wp:paragraph --><!-- wp:paragraph --><p>Une cha\u00eene anonymis\u00e9e cr\u00e9\u00e9e \u00e0 partir de votre adresse e-mail (\u00e9galement appel\u00e9e hash) peut \u00eatre envoy\u00e9e au service Gravatar pour v\u00e9rifier si vous utilisez ce dernier. Les clauses de confidentialit\u00e9 du service Gravatar sont disponibles ici\u00a0: https:\/\/automattic.com\/privacy\/. Apr\u00e8s validation de votre commentaire, votre photo de profil sera visible publiquement \u00e0 cot\u00e9 de votre commentaire.<\/p><!-- \/wp:paragraph --><!-- wp:heading --><h2>M\u00e9dias<\/h2><!-- \/wp:heading --><!-- wp:paragraph --><p><strong class=\"privacy-policy-tutorial\">Texte sugg\u00e9r\u00e9\u00a0: <\/strong>Si vous t\u00e9l\u00e9versez des images sur le site, nous vous conseillons d\u2019\u00e9viter de t\u00e9l\u00e9verser des images contenant des donn\u00e9es EXIF de coordonn\u00e9es GPS. Les personnes visitant votre site peuvent t\u00e9l\u00e9charger et extraire des donn\u00e9es de localisation depuis ces images.<\/p><!-- \/wp:paragraph --><!-- wp:heading --><h2>Cookies<\/h2><!-- \/wp:heading --><!-- wp:paragraph --><p><strong class=\"privacy-policy-tutorial\">Texte sugg\u00e9r\u00e9\u00a0: <\/strong>Si vous d\u00e9posez un commentaire sur notre site, il vous sera propos\u00e9 d\u2019enregistrer votre nom, adresse e-mail et site dans des cookies. C\u2019est uniquement pour votre confort afin de ne pas avoir \u00e0 saisir ces informations si vous d\u00e9posez un autre commentaire plus tard. Ces cookies expirent au bout d\u2019un an.<\/p><!-- \/wp:paragraph --><!-- wp:paragraph --><p>Si vous vous rendez sur la page de connexion, un cookie temporaire sera cr\u00e9\u00e9 afin de d\u00e9terminer si votre navigateur accepte les cookies. Il ne contient pas de donn\u00e9es personnelles et sera supprim\u00e9 automatiquement \u00e0 la fermeture de votre navigateur.<\/p><!-- \/wp:paragraph --><!-- wp:paragraph --><p>Lorsque vous vous connecterez, nous mettrons en place un certain nombre de cookies pour enregistrer vos informations de connexion et vos pr\u00e9f\u00e9rences d\u2019\u00e9cran. La dur\u00e9e de vie d\u2019un cookie de connexion est de deux jours, celle d\u2019un cookie d\u2019option d\u2019\u00e9cran est d\u2019un an. Si vous cochez \u00ab\u00a0Se souvenir de moi\u00a0\u00bb, votre cookie de connexion sera conserv\u00e9 pendant deux semaines. Si vous vous d\u00e9connectez de votre compte, le cookie de connexion sera effac\u00e9.<\/p><!-- \/wp:paragraph --><!-- wp:paragraph --><p>En modifiant ou en publiant une publication, un cookie suppl\u00e9mentaire sera enregistr\u00e9 dans votre navigateur. Ce cookie ne comprend aucune donn\u00e9e personnelle. Il indique simplement l\u2019ID de la publication que vous venez de modifier. Il expire au bout d\u2019un jour.<\/p><!-- \/wp:paragraph --><!-- wp:heading --><h2>Contenu embarqu\u00e9 depuis d\u2019autres sites<\/h2><!-- \/wp:heading --><!-- wp:paragraph --><p><strong class=\"privacy-policy-tutorial\">Texte sugg\u00e9r\u00e9\u00a0: <\/strong>Les articles de ce site peuvent inclure des contenus int\u00e9gr\u00e9s (par exemple des vid\u00e9os, images, articles\u2026). Le contenu int\u00e9gr\u00e9 depuis d\u2019autres sites se comporte de la m\u00eame mani\u00e8re que si le visiteur se rendait sur cet autre site.<\/p><!-- \/wp:paragraph --><!-- wp:paragraph --><p>Ces sites web pourraient collecter des donn\u00e9es sur vous, utiliser des cookies, embarquer des outils de suivis tiers, suivre vos interactions avec ces contenus embarqu\u00e9s si vous disposez d\u2019un compte connect\u00e9 sur leur site web.<\/p><!-- \/wp:paragraph --><!-- wp:heading --><h2>Utilisation et transmission de vos donn\u00e9es personnelles<\/h2><!-- \/wp:heading --><!-- wp:paragraph --><p><strong class=\"privacy-policy-tutorial\">Texte sugg\u00e9r\u00e9\u00a0: <\/strong>Si vous demandez une r\u00e9initialisation de votre mot de passe, votre adresse IP sera incluse dans l\u2019e-mail de r\u00e9initialisation.<\/p><!-- \/wp:paragraph --><!-- wp:heading --><h2>Dur\u00e9es de stockage de vos donn\u00e9es<\/h2><!-- \/wp:heading --><!-- wp:paragraph --><p><strong class=\"privacy-policy-tutorial\">Texte sugg\u00e9r\u00e9\u00a0: <\/strong>Si vous laissez un commentaire, le commentaire et ses m\u00e9tadonn\u00e9es sont conserv\u00e9s ind\u00e9finiment. Cela permet de reconna\u00eetre et approuver automatiquement les commentaires suivants au lieu de les laisser dans la file de mod\u00e9ration.<\/p><!-- \/wp:paragraph --><!-- wp:paragraph --><p>Pour les comptes qui s\u2019inscrivent sur notre site (le cas \u00e9ch\u00e9ant), nous stockons \u00e9galement les donn\u00e9es personnelles indiqu\u00e9es dans leur profil. Tous les comptes peuvent voir, modifier ou supprimer leurs informations personnelles \u00e0 tout moment (\u00e0 l\u2019exception de leur identifiant). Les gestionnaires du site peuvent aussi voir et modifier ces informations.<\/p><!-- \/wp:paragraph --><!-- wp:heading --><h2>Les droits que vous avez sur vos donn\u00e9es<\/h2><!-- \/wp:heading --><!-- wp:paragraph --><p><strong class=\"privacy-policy-tutorial\">Texte sugg\u00e9r\u00e9\u00a0: <\/strong>Si vous avez un compte ou si vous avez laiss\u00e9 des commentaires sur le site, vous pouvez demander \u00e0 recevoir un fichier contenant toutes les donn\u00e9es personnelles que nous poss\u00e9dons \u00e0 votre sujet, incluant celles que vous nous avez fournies. Vous pouvez \u00e9galement demander la suppression des donn\u00e9es personnelles vous concernant. Cela ne prend pas en compte les donn\u00e9es stock\u00e9es \u00e0 des fins administratives, l\u00e9gales ou pour des raisons de s\u00e9curit\u00e9.<\/p><!-- \/wp:paragraph --><!-- wp:heading --><h2>Transmission de vos donn\u00e9es personnelles<\/h2><!-- \/wp:heading --><!-- wp:paragraph --><p><strong class=\"privacy-policy-tutorial\">Texte sugg\u00e9r\u00e9\u00a0: <\/strong>Les commentaires des visiteurs peuvent \u00eatre v\u00e9rifi\u00e9s \u00e0 l\u2019aide d\u2019un service automatis\u00e9 de d\u00e9tection des commentaires ind\u00e9sirables.<\/p><!-- \/wp:paragraph -->","_et_gb_content_width":"","footnotes":""},"class_list":["post-3","page","type-page","status-publish","hentry"],"_links":{"self":[{"href":"https:\/\/www.riadsybil.com\/en\/wp-json\/wp\/v2\/pages\/3","targetHints":{"allow":["GET"]}}],"collection":[{"href":"https:\/\/www.riadsybil.com\/en\/wp-json\/wp\/v2\/pages"}],"about":[{"href":"https:\/\/www.riadsybil.com\/en\/wp-json\/wp\/v2\/types\/page"}],"author":[{"embeddable":true,"href":"https:\/\/www.riadsybil.com\/en\/wp-json\/wp\/v2\/users\/1"}],"replies":[{"embeddable":true,"href":"https:\/\/www.riadsybil.com\/en\/wp-json\/wp\/v2\/comments?post=3"}],"version-history":[{"count":3,"href":"https:\/\/www.riadsybil.com\/en\/wp-json\/wp\/v2\/pages\/3\/revisions"}],"predecessor-version":[{"id":241889,"href":"https:\/\/www.riadsybil.com\/en\/wp-json\/wp\/v2\/pages\/3\/revisions\/241889"}],"wp:attachment":[{"href":"https:\/\/www.riadsybil.com\/en\/wp-json\/wp\/v2\/media?parent=3"}],"curies":[{"name":"wp","href":"https:\/\/api.w.org\/{rel}","templated":true}]}}